{"id":2,"date":"2025-12-29T12:07:26","date_gmt":"2025-12-29T09:07:26","guid":{"rendered":"https:\/\/mysoftworlds.com\/web7\/?page_id=2"},"modified":"2025-12-29T17:53:23","modified_gmt":"2025-12-29T14:53:23","slug":"anasayfa","status":"publish","type":"page","link":"https:\/\/cinartemizlikhizmetleri.com.tr\/","title":{"rendered":"Anasayfa"},"content":{"rendered":"\n<div class=\"row row-full-width\"  id=\"row-1857305878\">\n\n\n\t<div id=\"col-859062824\" class=\"col small-12 large-12\"  >\n\t\t\t\t<div class=\"col-inner\"  >\n\t\t\t\n\t\t\t\n\n\n  <div class=\"banner has-hover\" id=\"banner-662173934\">\n          <div class=\"banner-inner fill\">\n        <div class=\"banner-bg fill\" >\n            <div class=\"bg fill bg-fill \"><\/div>\n                                    \n                    <\/div>\n\t\t\n        <div class=\"banner-layers container\">\n            <div class=\"fill banner-link\"><\/div>            \n\n   <div id=\"text-box-1275977017\" class=\"text-box banner-layer x50 md-x50 lg-x50 y75 md-y70 lg-y70 res-text\">\n                                <div class=\"text-box-content text dark\">\n              \n              <div class=\"text-inner text-center\">\n                  \n\n\t<div id=\"text-904109696\" class=\"text\">\n\t\t\n\n<h3 class=\"uppercase thin-font\"><span data-text-bg=\"success\"><strong>\u00e7\u0131nar temizlik hizmetleri<\/strong><\/span><\/h3>\n<p>\u00a0<\/p>\n\t\t\n<style>\n#text-904109696 {\n  color: rgb(255, 255, 255);\n}\n#text-904109696 > * {\n  color: rgb(255, 255, 255);\n}\n<\/style>\n\t<\/div>\n\t\n<a href=\"tel:+905383807530\" class=\"button success is-large\"  style=\"border-radius:44px;\">\n  <i class=\"icon-phone\" aria-hidden=\"true\" ><\/i>  <span>hemen ara<\/span>\n  <\/a>\n\n\n\n              <\/div>\n           <\/div>\n                            \n<style>\n#text-box-1275977017 {\n  width: 60%;\n}\n#text-box-1275977017 .text-box-content {\n  font-size: 100%;\n}\n<\/style>\n    <\/div>\n \n\n        <\/div>\n      <\/div>\n\n            \n<style>\n#banner-662173934 {\n  padding-top: 179px;\n}\n#banner-662173934 .bg.bg-loaded {\n  background-image: url(https:\/\/cinartemizlikhizmetleri.com.tr\/wp-content\/uploads\/2025\/12\/cinar-temizlik13.webp);\n}\n@media (min-width:550px) {\n  #banner-662173934 {\n    padding-top: 500px;\n  }\n}\n<\/style>\n  <\/div>\n\n\n\t<div id=\"gap-2032696756\" class=\"gap-element clearfix\" style=\"display:block; height:auto;\">\n\t\t\n<style>\n#gap-2032696756 {\n  padding-top: 30px;\n}\n<\/style>\n\t<\/div>\n\t\n\n<span class=\"scroll-to\" data-label=\"Scroll to: #hakk\u0131m\u0131zda\" data-bullet=\"false\" data-link=\"#hakk\u0131m\u0131zda\" data-title=\"Change this\" ><a name=\"hakk\u0131m\u0131zda\"><\/a><\/span>\n\n\n\t\t<\/div>\n\t\t\t\t\t<\/div>\n\n\t\n\n<\/div>\n<div class=\"row\"  id=\"row-1367773851\">\n\n\n\t<div id=\"col-934279997\" class=\"col medium-6 small-12 large-6\"  >\n\t\t\t\t<div class=\"col-inner\"  >\n\t\t\t\n\t\t\t\n\n\t<div id=\"text-336946993\" class=\"text\">\n\t\t\n\n<p data-start=\"123\" data-end=\"413\"><strong>\u00c7\u0131nar Temizlik<\/strong>, ya\u015fam ve \u00e7al\u0131\u015fma alanlar\u0131nda hijyen, kalite ve g\u00fcveni bir arada sunmak amac\u0131yla kurulmu\u015f profesyonel bir temizlik firmas\u0131d\u0131r. Deneyimli kadromuz, modern ekipmanlar\u0131m\u0131z ve \u00e7evre dostu temizlik \u00fcr\u00fcnlerimizle, m\u00fc\u015fterilerimize sa\u011fl\u0131kl\u0131 ve ferah alanlar olu\u015fturmay\u0131 hedefliyoruz.<\/p>\n<p data-start=\"415\" data-end=\"661\">Ev temizli\u011fi, ofis temizli\u011fi, in\u015faat sonras\u0131 temizlik, apartman ve site temizli\u011fi ba\u015fta olmak \u00fczere geni\u015f bir hizmet yelpazesi sunuyoruz. Her mek\u00e2n\u0131n ihtiyac\u0131na \u00f6zel \u00e7\u00f6z\u00fcmler geli\u015ftirerek, titiz ve planl\u0131 bir \u00e7al\u0131\u015fma anlay\u0131\u015f\u0131yla hizmet veriyoruz.<\/p>\n<p data-start=\"663\" data-end=\"918\">\u00c7\u0131nar Temizlik olarak m\u00fc\u015fteri memnuniyetini \u00f6n planda tutuyor, zaman\u0131nda ve eksiksiz hizmet anlay\u0131\u015f\u0131yla \u00e7al\u0131\u015fmalar\u0131m\u0131z\u0131 s\u00fcrd\u00fcr\u00fcyoruz. D\u00fcr\u00fcstl\u00fck, kalite ve s\u00fcrd\u00fcr\u00fclebilir temizlik prensipleriyle, uzun vadeli g\u00fcvene dayal\u0131 i\u015f birlikleri kurmay\u0131 ama\u00e7l\u0131yoruz.<\/p>\n<p data-start=\"920\" data-end=\"1038\">Temizli\u011fin sadece bir hizmet de\u011fil, bir sorumluluk oldu\u011funa inan\u0131yor; ya\u015fam alanlar\u0131n\u0131za de\u011fer katmaya devam ediyoruz.<\/p>\n\t\t\n<style>\n#text-336946993 {\n  color: rgb(0,0,0);\n}\n#text-336946993 > * {\n  color: rgb(0,0,0);\n}\n<\/style>\n\t<\/div>\n\t\n\n\t\t<\/div>\n\t\t\t\t\t<\/div>\n\n\t\n\n\t<div id=\"col-27363395\" class=\"col medium-6 small-12 large-6\"  >\n\t\t\t\t<div class=\"col-inner\"  >\n\t\t\t\n\t\t\t\n\n\n  <div class=\"banner has-hover\" id=\"banner-1551610939\">\n          <div class=\"banner-inner fill\">\n        <div class=\"banner-bg fill\" >\n            <div class=\"bg fill bg-fill \"><\/div>\n                                    \n                    <\/div>\n\t\t\n        <div class=\"banner-layers container\">\n            <div class=\"fill banner-link\"><\/div>            \n\n   <div id=\"text-box-46222633\" class=\"text-box banner-layer x50 md-x50 lg-x50 y50 md-y50 lg-y50 res-text\">\n                                <div class=\"text-box-content text dark\">\n              \n              <div class=\"text-inner text-center\">\n                  \n\n\n              <\/div>\n           <\/div>\n                            \n<style>\n#text-box-46222633 {\n  width: 60%;\n}\n#text-box-46222633 .text-box-content {\n  font-size: 100%;\n}\n<\/style>\n    <\/div>\n \n\n        <\/div>\n      <\/div>\n\n            \n<style>\n#banner-1551610939 {\n  padding-top: 229px;\n}\n#banner-1551610939 .bg.bg-loaded {\n  background-image: url(https:\/\/cinartemizlikhizmetleri.com.tr\/wp-content\/uploads\/2025\/12\/Ceylan-oto-lastik-yol-yol-yardim1-21-1024x256.png);\n}\n#banner-1551610939 .bg {\n  background-position: 49% 31%;\n}\n@media (min-width:550px) {\n  #banner-1551610939 {\n    padding-top: 381px;\n  }\n}\n<\/style>\n  <\/div>\n\n\n\n\t\t<\/div>\n\t\t\t\t\t<\/div>\n\n\t\n\n<\/div>\n<span class=\"scroll-to\" data-label=\"Scroll to: #hizmet\" data-bullet=\"false\" data-link=\"#hizmet\" data-title=\"Change this\" ><a name=\"hizmet\"><\/a><\/span>\n\n<div class=\"row\"  id=\"row-1712148949\">\n\n\n\t<div id=\"col-1550197840\" class=\"col medium-3 small-12 large-3\"  >\n\t\t\t\t<div class=\"col-inner\"  >\n\t\t\t\n\t\t\t\n\n\n  <div class=\"banner has-hover bg-overlay-remove-50\" id=\"banner-1595232246\">\n          <div class=\"banner-inner fill\">\n        <div class=\"banner-bg fill\" >\n            <div class=\"bg fill bg-fill \"><\/div>\n                                    \n                    <\/div>\n\t\t\n        <div class=\"banner-layers container\">\n            <div class=\"fill banner-link\"><\/div>            \n\n   <div id=\"text-box-2044860895\" class=\"text-box banner-layer x50 md-x50 lg-x50 y90 md-y90 lg-y90 res-text\">\n                                <div class=\"text-box-content text dark\">\n              \n              <div class=\"text-inner text-center\">\n                  \n\n<h3 class=\"uppercase\" style=\"text-align: center;\"><span data-text-bg=\"success\"><strong>apartman temizli\u011fi<\/strong><\/span><\/h3>\n\n              <\/div>\n           <\/div>\n                            \n<style>\n#text-box-2044860895 {\n  width: 100%;\n}\n#text-box-2044860895 .text-box-content {\n  font-size: 100%;\n}\n<\/style>\n    <\/div>\n \n\n        <\/div>\n      <\/div>\n\n            \n<style>\n#banner-1595232246 {\n  padding-top: 254px;\n}\n#banner-1595232246 .bg.bg-loaded {\n  background-image: url(https:\/\/cinartemizlikhizmetleri.com.tr\/wp-content\/uploads\/2025\/12\/cinar-temizlik-apartman-temizligi-1024x576.webp);\n}\n#banner-1595232246 .overlay {\n  background-color: rgba(0, 0, 0, 0.291);\n}\n<\/style>\n  <\/div>\n\n\n\n\t\t<\/div>\n\t\t\t\t\t<\/div>\n\n\t\n\n\t<div id=\"col-704400330\" class=\"col medium-3 small-12 large-3\"  >\n\t\t\t\t<div class=\"col-inner\"  >\n\t\t\t\n\t\t\t\n\n\n  <div class=\"banner has-hover bg-overlay-remove-50\" id=\"banner-1375504246\">\n          <div class=\"banner-inner fill\">\n        <div class=\"banner-bg fill\" >\n            <div class=\"bg fill bg-fill \"><\/div>\n                                    \n                    <\/div>\n\t\t\n        <div class=\"banner-layers container\">\n            <div class=\"fill banner-link\"><\/div>            \n\n   <div id=\"text-box-106388756\" class=\"text-box banner-layer x50 md-x50 lg-x50 y90 md-y90 lg-y90 res-text\">\n                                <div class=\"text-box-content text dark\">\n              \n              <div class=\"text-inner text-center\">\n                  \n\n<h3 class=\"uppercase\" style=\"text-align: center;\"><span data-text-bg=\"success\"><strong>ofis temizli\u011fi<\/strong><\/span><\/h3>\n\n              <\/div>\n           <\/div>\n                            \n<style>\n#text-box-106388756 {\n  width: 100%;\n}\n#text-box-106388756 .text-box-content {\n  font-size: 100%;\n}\n<\/style>\n    <\/div>\n \n\n        <\/div>\n      <\/div>\n\n            \n<style>\n#banner-1375504246 {\n  padding-top: 254px;\n}\n#banner-1375504246 .bg.bg-loaded {\n  background-image: url(https:\/\/cinartemizlikhizmetleri.com.tr\/wp-content\/uploads\/2025\/12\/cinar-temizlik11-1024x683.jpg);\n}\n#banner-1375504246 .overlay {\n  background-color: rgba(0, 0, 0, 0.291);\n}\n<\/style>\n  <\/div>\n\n\n\n\t\t<\/div>\n\t\t\t\t\t<\/div>\n\n\t\n\n\t<div id=\"col-812997209\" class=\"col medium-3 small-12 large-3\"  >\n\t\t\t\t<div class=\"col-inner\"  >\n\t\t\t\n\t\t\t\n\n\n  <div class=\"banner has-hover bg-overlay-remove-50\" id=\"banner-564556522\">\n          <div class=\"banner-inner fill\">\n        <div class=\"banner-bg fill\" >\n            <div class=\"bg fill bg-fill \"><\/div>\n                                    \n                    <\/div>\n\t\t\n        <div class=\"banner-layers container\">\n            <div class=\"fill banner-link\"><\/div>            \n\n   <div id=\"text-box-2044582869\" class=\"text-box banner-layer x50 md-x50 lg-x50 y90 md-y90 lg-y90 res-text\">\n                                <div class=\"text-box-content text dark\">\n              \n              <div class=\"text-inner text-center\">\n                  \n\n<h3 class=\"uppercase\" style=\"text-align: center;\"><span data-text-bg=\"success\"><strong>in\u015faat sonras\u0131 temizlik<\/strong><\/span><\/h3>\n\n              <\/div>\n           <\/div>\n                            \n<style>\n#text-box-2044582869 {\n  width: 100%;\n}\n#text-box-2044582869 .text-box-content {\n  font-size: 100%;\n}\n<\/style>\n    <\/div>\n \n\n        <\/div>\n      <\/div>\n\n            \n<style>\n#banner-564556522 {\n  padding-top: 254px;\n}\n#banner-564556522 .bg.bg-loaded {\n  background-image: url(https:\/\/cinartemizlikhizmetleri.com.tr\/wp-content\/uploads\/2025\/12\/cinar-temizlik2-911x1024.webp);\n}\n#banner-564556522 .overlay {\n  background-color: rgba(0, 0, 0, 0.291);\n}\n<\/style>\n  <\/div>\n\n\n\n\t\t<\/div>\n\t\t\t\t\t<\/div>\n\n\t\n\n\t<div id=\"col-715850038\" class=\"col medium-3 small-12 large-3\"  >\n\t\t\t\t<div class=\"col-inner\"  >\n\t\t\t\n\t\t\t\n\n\n  <div class=\"banner has-hover bg-overlay-remove-50\" id=\"banner-1476237089\">\n          <div class=\"banner-inner fill\">\n        <div class=\"banner-bg fill\" >\n            <div class=\"bg fill bg-fill \"><\/div>\n                                    \n                    <\/div>\n\t\t\n        <div class=\"banner-layers container\">\n            <div class=\"fill banner-link\"><\/div>            \n\n   <div id=\"text-box-532468908\" class=\"text-box banner-layer x50 md-x50 lg-x50 y90 md-y90 lg-y90 res-text\">\n                                <div class=\"text-box-content text dark\">\n              \n              <div class=\"text-inner text-center\">\n                  \n\n<h3 class=\"uppercase\" style=\"text-align: center;\"><span data-text-bg=\"success\"><strong>ev temizli\u011fi<\/strong><\/span><\/h3>\n\n              <\/div>\n           <\/div>\n                            \n<style>\n#text-box-532468908 {\n  width: 100%;\n}\n#text-box-532468908 .text-box-content {\n  font-size: 100%;\n}\n<\/style>\n    <\/div>\n \n\n        <\/div>\n      <\/div>\n\n            \n<style>\n#banner-1476237089 {\n  padding-top: 254px;\n}\n#banner-1476237089 .bg.bg-loaded {\n  background-image: url(https:\/\/cinartemizlikhizmetleri.com.tr\/wp-content\/uploads\/2025\/12\/cinar-temizlik1-1024x682.jpg);\n}\n#banner-1476237089 .overlay {\n  background-color: rgba(0, 0, 0, 0.291);\n}\n<\/style>\n  <\/div>\n\n\n\n\t\t<\/div>\n\t\t\t\t\t<\/div>\n\n\t\n\n<\/div>\n<span class=\"scroll-to\" data-label=\"Scroll to: #ileti\u015fim\" data-bullet=\"true\" data-link=\"#ileti\u015fim\" data-title=\"Change this\" ><a name=\"ileti\u015fim\"><\/a><\/span>\n\n<div class=\"row\"  id=\"row-379195135\">\n\n\n\t<div id=\"col-1702450330\" class=\"col medium-6 small-12 large-6\"  >\n\t\t\t\t<div class=\"col-inner\"  >\n\t\t\t\n\t\t\t\n\n\n\t\t<div class=\"icon-box featured-box icon-box-left text-left\"  >\n\t\t\t\t\t<div class=\"icon-box-img\" style=\"width: 39px\">\n\t\t\t\t<div class=\"icon\">\n\t\t\t\t\t<div class=\"icon-inner\" >\n\t\t\t\t\t\t<img loading=\"lazy\" decoding=\"async\" width=\"300\" height=\"300\" src=\"https:\/\/cinartemizlikhizmetleri.com.tr\/wp-content\/uploads\/2025\/12\/calling-300x300-1.png\" class=\"attachment-medium size-medium\" alt=\"\" srcset=\"https:\/\/cinartemizlikhizmetleri.com.tr\/wp-content\/uploads\/2025\/12\/calling-300x300-1.png 300w, https:\/\/cinartemizlikhizmetleri.com.tr\/wp-content\/uploads\/2025\/12\/calling-300x300-1-150x150.png 150w\" sizes=\"auto, (max-width: 300px) 100vw, 300px\" \/>\t\t\t\t\t<\/div>\n\t\t\t\t<\/div>\n\t\t\t<\/div>\n\t\t\t\t<div class=\"icon-box-text last-reset\">\n\t\t\t\t\t\t\t\t\t\n\n\t<div id=\"text-3945815736\" class=\"text\">\n\t\t\n\n<h3>Telefon<\/h3>\n<p><a href=\"tel:+905383807530\">+90 538 380 75 30<\/a><br \/><a href=\"tel:+905348290283\">+90 534 829 02 83<\/a><\/p>\n\t\t\n<style>\n#text-3945815736 {\n  color: rgb(0,0,0);\n}\n#text-3945815736 > * {\n  color: rgb(0,0,0);\n}\n<\/style>\n\t<\/div>\n\t\n\n\t\t<\/div>\n\t<\/div>\n\t\n\t\n\n\t\t<div class=\"icon-box featured-box icon-box-left text-left\"  style=\"margin:20px 0px 0px 0px;\">\n\t\t\t\t\t<div class=\"icon-box-img\" style=\"width: 39px\">\n\t\t\t\t<div class=\"icon\">\n\t\t\t\t\t<div class=\"icon-inner\" >\n\t\t\t\t\t\t<img loading=\"lazy\" decoding=\"async\" width=\"300\" height=\"300\" src=\"https:\/\/cinartemizlikhizmetleri.com.tr\/wp-content\/uploads\/2025\/12\/message-300x300-1.png\" class=\"attachment-medium size-medium\" alt=\"\" srcset=\"https:\/\/cinartemizlikhizmetleri.com.tr\/wp-content\/uploads\/2025\/12\/message-300x300-1.png 300w, https:\/\/cinartemizlikhizmetleri.com.tr\/wp-content\/uploads\/2025\/12\/message-300x300-1-150x150.png 150w\" sizes=\"auto, (max-width: 300px) 100vw, 300px\" \/>\t\t\t\t\t<\/div>\n\t\t\t\t<\/div>\n\t\t\t<\/div>\n\t\t\t\t<div class=\"icon-box-text last-reset\">\n\t\t\t\t\t\t\t\t\t\n\n\t<div id=\"text-3945725638\" class=\"text\">\n\t\t\n\n<h3>E-posta<\/h3>\n<p><a href=\"mailto:info@cinartemizlikhizmetleri.com.tr\">info@cinartemizlikhizmetleri.com.tr<\/a><\/p>\n\t\t\n<style>\n#text-3945725638 {\n  color: rgb(0,0,0);\n}\n#text-3945725638 > * {\n  color: rgb(0,0,0);\n}\n<\/style>\n\t<\/div>\n\t\n\n\t\t<\/div>\n\t<\/div>\n\t\n\t\n\n\t\t<div class=\"icon-box featured-box icon-box-left text-left\"  style=\"margin:20px 0px 0px 0px;\">\n\t\t\t\t\t<div class=\"icon-box-img\" style=\"width: 39px\">\n\t\t\t\t<div class=\"icon\">\n\t\t\t\t\t<div class=\"icon-inner\" >\n\t\t\t\t\t\t<img loading=\"lazy\" decoding=\"async\" width=\"300\" height=\"300\" src=\"https:\/\/cinartemizlikhizmetleri.com.tr\/wp-content\/uploads\/2025\/12\/message-300x300-1.png\" class=\"attachment-medium size-medium\" alt=\"\" srcset=\"https:\/\/cinartemizlikhizmetleri.com.tr\/wp-content\/uploads\/2025\/12\/message-300x300-1.png 300w, https:\/\/cinartemizlikhizmetleri.com.tr\/wp-content\/uploads\/2025\/12\/message-300x300-1-150x150.png 150w\" sizes=\"auto, (max-width: 300px) 100vw, 300px\" \/>\t\t\t\t\t<\/div>\n\t\t\t\t<\/div>\n\t\t\t<\/div>\n\t\t\t\t<div class=\"icon-box-text last-reset\">\n\t\t\t\t\t\t\t\t\t\n\n\t<div id=\"text-376000324\" class=\"text\">\n\t\t\n\n<h3>Adres<\/h3>\n<p><strong>G\u00fcltepe mah., . Gelincik <span style=\"font-size: 14.4px;\">cad.,<\/span><span style=\"font-size: 14.4px;\"> sokak No:20\u00a0 sar\u0131cam\/Adana<\/span><\/strong><\/p>\n\t\t\n<style>\n#text-376000324 {\n  color: rgb(0,0,0);\n}\n#text-376000324 > * {\n  color: rgb(0,0,0);\n}\n<\/style>\n\t<\/div>\n\t\n\n\t\t<\/div>\n\t<\/div>\n\t\n\t\n\n\t\t<\/div>\n\t\t\t\t\t<\/div>\n\n\t\n\n\t<div id=\"col-2112624075\" class=\"col medium-6 small-12 large-6\"  >\n\t\t\t\t<div class=\"col-inner\"  >\n\t\t\t\n\t\t\t\n\n\n<div class=\"wpcf7 no-js\" id=\"wpcf7-f35-o1\" lang=\"tr-TR\" dir=\"ltr\" data-wpcf7-id=\"35\">\n<div class=\"screen-reader-response\"><p role=\"status\" aria-live=\"polite\" aria-atomic=\"true\"><\/p> <ul><\/ul><\/div>\n<form action=\"\/index.php\/wp-json\/wp\/v2\/pages\/2#wpcf7-f35-o1\" method=\"post\" class=\"wpcf7-form init\" aria-label=\"\u0130leti\u015fim Formu\" novalidate=\"novalidate\" data-status=\"init\">\n<fieldset class=\"hidden-fields-container\"><input type=\"hidden\" name=\"_wpcf7\" value=\"35\" \/><input type=\"hidden\" name=\"_wpcf7_version\" value=\"6.1.4\" \/><input type=\"hidden\" name=\"_wpcf7_locale\" value=\"tr_TR\" \/><input type=\"hidden\" name=\"_wpcf7_unit_tag\" value=\"wpcf7-f35-o1\" \/><input type=\"hidden\" name=\"_wpcf7_container_post\" value=\"0\" \/><input type=\"hidden\" name=\"_wpcf7_posted_data_hash\" value=\"\" \/>\n<\/fieldset>\n<p><span class=\"wpcf7-form-control-wrap\" data-name=\"your-name\"><input size=\"40\" maxlength=\"400\" class=\"wpcf7-form-control wpcf7-text wpcf7-validates-as-required\" autocomplete=\"name\" aria-required=\"true\" aria-invalid=\"false\" placeholder=\"Ad\u0131n\u0131z\" value=\"\" type=\"text\" name=\"your-name\" \/><\/span><br \/>\n<span class=\"wpcf7-form-control-wrap\" data-name=\"your-email\"><input size=\"40\" maxlength=\"400\" class=\"wpcf7-form-control wpcf7-email wpcf7-validates-as-required wpcf7-text wpcf7-validates-as-email\" autocomplete=\"email\" aria-required=\"true\" aria-invalid=\"false\" placeholder=\"E-posta adresiniz\" value=\"\" type=\"email\" name=\"your-email\" \/><\/span><br \/>\n<span class=\"wpcf7-form-control-wrap\" data-name=\"tel-700\"><input size=\"40\" maxlength=\"400\" class=\"wpcf7-form-control wpcf7-tel wpcf7-validates-as-required wpcf7-text wpcf7-validates-as-tel\" aria-required=\"true\" aria-invalid=\"false\" placeholder=\"Telefon numaran\u0131z\" value=\"\" type=\"tel\" name=\"tel-700\" \/><\/span><br \/>\n<span class=\"wpcf7-form-control-wrap\" data-name=\"your-subject\"><input size=\"40\" maxlength=\"400\" class=\"wpcf7-form-control wpcf7-text wpcf7-validates-as-required\" aria-required=\"true\" aria-invalid=\"false\" placeholder=\"Konu\" value=\"\" type=\"text\" name=\"your-subject\" \/><\/span><br \/>\n<span class=\"wpcf7-form-control-wrap\" data-name=\"your-message\"><textarea cols=\"40\" rows=\"10\" maxlength=\"2000\" class=\"wpcf7-form-control wpcf7-textarea wpcf7-validates-as-required\" aria-required=\"true\" aria-invalid=\"false\" placeholder=\"\u0130letiniz\" name=\"your-message\"><\/textarea><\/span><br \/>\n<input class=\"wpcf7-form-control wpcf7-submit has-spinner\" type=\"submit\" value=\"G\u00d6NDER\" \/>\n<\/p><div class=\"wpcf7-response-output\" aria-hidden=\"true\"><\/div>\n<\/form>\n<\/div>\n\n\n\n\t\t<\/div>\n\t\t\t\t\t<\/div>\n\n\t\n\n<\/div>\n\n","protected":false},"excerpt":{"rendered":"","protected":false},"author":1,"featured_media":0,"parent":0,"menu_order":0,"comment_status":"closed","ping_status":"closed","template":"page-blank.php","meta":{"_monsterinsights_skip_tracking":false,"_monsterinsights_sitenote_active":false,"_monsterinsights_sitenote_note":"","_monsterinsights_sitenote_category":0,"footnotes":""},"class_list":["post-2","page","type-page","status-publish","hentry"],"aioseo_notices":[],"_links":{"self":[{"href":"https:\/\/cinartemizlikhizmetleri.com.tr\/index.php\/wp-json\/wp\/v2\/pages\/2","targetHints":{"allow":["GET"]}}],"collection":[{"href":"https:\/\/cinartemizlikhizmetleri.com.tr\/index.php\/wp-json\/wp\/v2\/pages"}],"about":[{"href":"https:\/\/cinartemizlikhizmetleri.com.tr\/index.php\/wp-json\/wp\/v2\/types\/page"}],"author":[{"embeddable":true,"href":"https:\/\/cinartemizlikhizmetleri.com.tr\/index.php\/wp-json\/wp\/v2\/users\/1"}],"replies":[{"embeddable":true,"href":"https:\/\/cinartemizlikhizmetleri.com.tr\/index.php\/wp-json\/wp\/v2\/comments?post=2"}],"version-history":[{"count":15,"href":"https:\/\/cinartemizlikhizmetleri.com.tr\/index.php\/wp-json\/wp\/v2\/pages\/2\/revisions"}],"predecessor-version":[{"id":42,"href":"https:\/\/cinartemizlikhizmetleri.com.tr\/index.php\/wp-json\/wp\/v2\/pages\/2\/revisions\/42"}],"wp:attachment":[{"href":"https:\/\/cinartemizlikhizmetleri.com.tr\/index.php\/wp-json\/wp\/v2\/media?parent=2"}],"curies":[{"name":"wp","href":"https:\/\/api.w.org\/{rel}","templated":true}]}}